{"id":187,"date":"2026-05-15T14:53:20","date_gmt":"2026-05-15T21:53:20","guid":{"rendered":"https:\/\/jlsvyaqui.org.mx\/?page_id=187"},"modified":"2026-05-15T14:55:48","modified_gmt":"2026-05-15T21:55:48","slug":"rendicion-de-cuentas-2022","status":"publish","type":"page","link":"https:\/\/jlsvyaqui.org.mx\/?page_id=187","title":{"rendered":"Rendici\u00f3n de Cuentas 2022"},"content":{"rendered":"<p><b>En atenci\u00f3n al circular 029 derivado del acuerdo para promover el desarrollo de la sociedad rural, fomentando la rendici\u00f3n de cuentas de manera clara, precisa y transparente del uso de recursos en la adquisici\u00f3n de bienes materiales y servicios por los Organismos Auxiliares de Sanidad Vegetal, se crea este espacio para presentar la informaci\u00f3n correspondiente.<\/b><\/p>\n<p>jlsvyaqui.org.mx\/RendicionCuentas\/2022\/sanidad_jlsv-yaqui_2022_01.pdf<br \/>\njlsvyaqui.org.mx\/RendicionCuentas\/2022\/sanidad_jlsv-yaqui_2022_02.pdf<br \/>\njlsvyaqui.org.mx\/RendicionCuentas\/2022\/sanidad_jlsv-yaqui_2022_03.pdf<br \/>\njlsvyaqui.org.mx\/RendicionCuentas\/2022\/sanidad_jlsv-yaqui_2022_04.pdf<br \/>\njlsvyaqui.org.mx\/RendicionCuentas\/2022\/sanidad_jlsv-yaqui_2022_05.pdf<br \/>\njlsvyaqui.org.mx\/RendicionCuentas\/2022\/sanidad_jlsv-yaqui_2022_06.pdf<br \/>\njlsvyaqui.org.mx\/RendicionCuentas\/2022\/sanidad_jlsv-yaqui_2022_07.pdf<br \/>\njlsvyaqui.org.mx\/RendicionCuentas\/2022\/sanidad_jlsv-yaqui_2022_08.pdf<br \/>\njlsvyaqui.org.mx\/RendicionCuentas\/2022\/sanidad_jlsv-yaqui_2022_09.pdf<br \/>\njlsvyaqui.org.mx\/RendicionCuentas\/2022\/sanidad_jlsv-yaqui_2022_10.pdf<br \/>\njlsvyaqui.org.mx\/RendicionCuentas\/2022\/sanidad_jlsv-yaqui_2022_11.pdf<br \/>\njlsvyaqui.org.mx\/RendicionCuentas\/2022\/sanidad_jlsv-yaqui_2022_12.pdf<\/p>\n","protected":false},"excerpt":{"rendered":"<p>En atenci\u00f3n al circular 029 derivado del acuerdo para promover el desarrollo de la sociedad rural, fomentando la rendici\u00f3n de cuentas de manera clara, precisa y transparente del uso de recursos en la adquisici\u00f3n de bienes materiales y servicios por los Organismos Auxiliares de Sanidad Vegetal, se crea este espacio para presentar la informaci\u00f3n correspondiente. [&hellip;]<\/p>\n","protected":false},"author":1,"featured_media":0,"parent":166,"menu_order":0,"comment_status":"closed","ping_status":"closed","template":"","meta":{"footnotes":""},"class_list":["post-187","page","type-page","status-publish","hentry"],"_links":{"self":[{"href":"https:\/\/jlsvyaqui.org.mx\/index.php?rest_route=\/wp\/v2\/pages\/187","targetHints":{"allow":["GET"]}}],"collection":[{"href":"https:\/\/jlsvyaqui.org.mx\/index.php?rest_route=\/wp\/v2\/pages"}],"about":[{"href":"https:\/\/jlsvyaqui.org.mx\/index.php?rest_route=\/wp\/v2\/types\/page"}],"author":[{"embeddable":true,"href":"https:\/\/jlsvyaqui.org.mx\/index.php?rest_route=\/wp\/v2\/users\/1"}],"replies":[{"embeddable":true,"href":"https:\/\/jlsvyaqui.org.mx\/index.php?rest_route=%2Fwp%2Fv2%2Fcomments&post=187"}],"version-history":[{"count":2,"href":"https:\/\/jlsvyaqui.org.mx\/index.php?rest_route=\/wp\/v2\/pages\/187\/revisions"}],"predecessor-version":[{"id":191,"href":"https:\/\/jlsvyaqui.org.mx\/index.php?rest_route=\/wp\/v2\/pages\/187\/revisions\/191"}],"up":[{"embeddable":true,"href":"https:\/\/jlsvyaqui.org.mx\/index.php?rest_route=\/wp\/v2\/pages\/166"}],"wp:attachment":[{"href":"https:\/\/jlsvyaqui.org.mx\/index.php?rest_route=%2Fwp%2Fv2%2Fmedia&parent=187"}],"curies":[{"name":"wp","href":"https:\/\/api.w.org\/{rel}","templated":true}]}}