{"id":184,"date":"2026-05-15T14:52:19","date_gmt":"2026-05-15T21:52:19","guid":{"rendered":"https:\/\/jlsvyaqui.org.mx\/?page_id=184"},"modified":"2026-05-15T14:55:27","modified_gmt":"2026-05-15T21:55:27","slug":"rendicipon-de-cuentas-2023","status":"publish","type":"page","link":"https:\/\/jlsvyaqui.org.mx\/?page_id=184","title":{"rendered":"Rendici\u00f3n de Cuentas 2023"},"content":{"rendered":"<p><b>En atenci\u00f3n al circular 029 derivado del acuerdo para promover el desarrollo de la sociedad rural, fomentando la rendici\u00f3n de cuentas de manera clara, precisa y transparente del uso de recursos en la adquisici\u00f3n de bienes materiales y servicios por los Organismos Auxiliares de Sanidad Vegetal, se crea este espacio para presentar la informaci\u00f3n correspondiente.<\/b><\/p>\n<p>jlsvyaqui.org.mx\/RendicionCuentas\/2023\/01Enero-2023.pdf<br \/>\njlsvyaqui.org.mx\/RendicionCuentas\/2023\/02Febrero-2023.pdf<br \/>\njlsvyaqui.org.mx\/RendicionCuentas\/2023\/03Marzo-2023.pdf<br \/>\njlsvyaqui.org.mx\/RendicionCuentas\/2023\/04Abril-2023.pdf<br \/>\njlsvyaqui.org.mx\/RendicionCuentas\/2023\/05Mayo-2023.pdf<br \/>\njlsvyaqui.org.mx\/RendicionCuentas\/2023\/06Junio-2023.pdf<br \/>\njlsvyaqui.org.mx\/RendicionCuentas\/2023\/07Julio-2023.pdf<br \/>\njlsvyaqui.org.mx\/RendicionCuentas\/2023\/08Agosto-2023.pdf<br \/>\njlsvyaqui.org.mx\/RendicionCuentas\/2023\/09Septiembre-2023.pdf<br \/>\njlsvyaqui.org.mx\/RendicionCuentas\/2023\/10Octubre-2023.pdf<br \/>\njlsvyaqui.org.mx\/RendicionCuentas\/2023\/11Noviembre-2023.pdf<br \/>\njlsvyaqui.org.mx\/RendicionCuentas\/2023\/12Diciembre-2023.pdf<\/p>\n","protected":false},"excerpt":{"rendered":"<p>En atenci\u00f3n al circular 029 derivado del acuerdo para promover el desarrollo de la sociedad rural, fomentando la rendici\u00f3n de cuentas de manera clara, precisa y transparente del uso de recursos en la adquisici\u00f3n de bienes materiales y servicios por los Organismos Auxiliares de Sanidad Vegetal, se crea este espacio para presentar la informaci\u00f3n correspondiente. [&hellip;]<\/p>\n","protected":false},"author":1,"featured_media":0,"parent":166,"menu_order":0,"comment_status":"closed","ping_status":"closed","template":"","meta":{"footnotes":""},"class_list":["post-184","page","type-page","status-publish","hentry"],"_links":{"self":[{"href":"https:\/\/jlsvyaqui.org.mx\/index.php?rest_route=\/wp\/v2\/pages\/184","targetHints":{"allow":["GET"]}}],"collection":[{"href":"https:\/\/jlsvyaqui.org.mx\/index.php?rest_route=\/wp\/v2\/pages"}],"about":[{"href":"https:\/\/jlsvyaqui.org.mx\/index.php?rest_route=\/wp\/v2\/types\/page"}],"author":[{"embeddable":true,"href":"https:\/\/jlsvyaqui.org.mx\/index.php?rest_route=\/wp\/v2\/users\/1"}],"replies":[{"embeddable":true,"href":"https:\/\/jlsvyaqui.org.mx\/index.php?rest_route=%2Fwp%2Fv2%2Fcomments&post=184"}],"version-history":[{"count":3,"href":"https:\/\/jlsvyaqui.org.mx\/index.php?rest_route=\/wp\/v2\/pages\/184\/revisions"}],"predecessor-version":[{"id":190,"href":"https:\/\/jlsvyaqui.org.mx\/index.php?rest_route=\/wp\/v2\/pages\/184\/revisions\/190"}],"up":[{"embeddable":true,"href":"https:\/\/jlsvyaqui.org.mx\/index.php?rest_route=\/wp\/v2\/pages\/166"}],"wp:attachment":[{"href":"https:\/\/jlsvyaqui.org.mx\/index.php?rest_route=%2Fwp%2Fv2%2Fmedia&parent=184"}],"curies":[{"name":"wp","href":"https:\/\/api.w.org\/{rel}","templated":true}]}}