{"id":180,"date":"2026-05-15T14:36:23","date_gmt":"2026-05-15T21:36:23","guid":{"rendered":"https:\/\/jlsvyaqui.org.mx\/?page_id=180"},"modified":"2026-05-15T14:36:23","modified_gmt":"2026-05-15T21:36:23","slug":"rendicion-de-cuentas-2024","status":"publish","type":"page","link":"https:\/\/jlsvyaqui.org.mx\/?page_id=180","title":{"rendered":"Rendici\u00f3n de Cuentas 2024"},"content":{"rendered":"<p><b><span style=\"color: #003300;\">En atenci\u00f3n al circular 029 derivado del acuerdo para promover el desarrollo de la sociedad rural, fomentando la rendici\u00f3n de cuentas de manera clara, precisa y transparente del uso de recursos en la adquisici\u00f3n de bienes materiales y servicios por los Organismos Auxiliares de Sanidad Vegetal, se crea este espacio para presentar la informaci\u00f3n correspondiente.<\/span><\/b><\/p>\n<p>&nbsp;<\/p>\n<p><a href=\"http:\/\/jlsvyaqui.org.mx\/RendicionCuentas\/2024\/01%20Enero-2024.pdf\" target=\"_blank\" rel=\"noopener\">ENERO 2024<\/a><br \/>\n<a href=\"http:\/\/jlsvyaqui.org.mx\/RendicionCuentas\/2024\/02%20Febrero-2024.pdf\" target=\"_blank\" rel=\"noopener\">FEBRERO 2024<\/a><br \/>\n<a href=\"http:\/\/jlsvyaqui.org.mx\/RendicionCuentas\/2024\/03%20Marzo-2024.pdf\" target=\"_blank\" rel=\"noopener\">MARZO 2024<\/a><br \/>\n<a href=\"http:\/\/jlsvyaqui.org.mx\/RendicionCuentas\/2024\/04%20Abril-2024.pdf\" target=\"_blank\" rel=\"noopener\">ABRIL 2024<\/a><br \/>\n<a href=\"http:\/\/jlsvyaqui.org.mx\/RendicionCuentas\/2024\/05%20Mayo-2024.pdf\" target=\"_blank\" rel=\"noopener\">MAYO 2024<\/a><br \/>\n<a href=\"http:\/\/jlsvyaqui.org.mx\/RendicionCuentas\/2024\/06%20Junio-2024.pdf\" target=\"_blank\" rel=\"noopener\">JUNIO 2024<\/a><br \/>\n<a href=\"http:\/\/jlsvyaqui.org.mx\/RendicionCuentas\/2024\/07%20Julio-2024.pdf\" target=\"_blank\" rel=\"noopener\">JULIO 2024<\/a><br \/>\n<a href=\"http:\/\/jlsvyaqui.org.mx\/RendicionCuentas\/2024\/08%20Agosto-2024.pdf\" target=\"_blank\" rel=\"noopener\">AGOSTO<\/a><br \/>\n<a href=\"http:\/\/jlsvyaqui.org.mx\/RendicionCuentas\/2024\/09%20Septiembre-2024.pdf\" target=\"_blank\" rel=\"noopener\">SEPTIEMBRE 2024<\/a><br \/>\n<a href=\"http:\/\/jlsvyaqui.org.mx\/RendicionCuentas\/2024\/10%20Octubre-2024.pdf\" target=\"_blank\" rel=\"noopener\">OCTUBRE 2024<\/a><br \/>\n<a href=\"http:\/\/jlsvyaqui.org.mx\/RendicionCuentas\/2024\/11%20Noviembre-2024.pdf\" target=\"_blank\" rel=\"noopener\">NOVIEMBRE 2024<\/a><br \/>\n<a href=\"http:\/\/jlsvyaqui.org.mx\/RendicionCuentas\/2024\/10%20Diciembre-2024.pdf\" target=\"_blank\" rel=\"noopener\">DICIEMBRE 2024<\/a><\/p>\n<p>&nbsp;<\/p>\n<p>&nbsp;<\/p>\n","protected":false},"excerpt":{"rendered":"<p>En atenci\u00f3n al circular 029 derivado del acuerdo para promover el desarrollo de la sociedad rural, fomentando la rendici\u00f3n de cuentas de manera clara, precisa y transparente del uso de recursos en la adquisici\u00f3n de bienes materiales y servicios por los Organismos Auxiliares de Sanidad Vegetal, se crea este espacio para presentar la informaci\u00f3n correspondiente. [&hellip;]<\/p>\n","protected":false},"author":1,"featured_media":0,"parent":166,"menu_order":0,"comment_status":"closed","ping_status":"closed","template":"","meta":{"footnotes":""},"class_list":["post-180","page","type-page","status-publish","hentry"],"_links":{"self":[{"href":"https:\/\/jlsvyaqui.org.mx\/index.php?rest_route=\/wp\/v2\/pages\/180","targetHints":{"allow":["GET"]}}],"collection":[{"href":"https:\/\/jlsvyaqui.org.mx\/index.php?rest_route=\/wp\/v2\/pages"}],"about":[{"href":"https:\/\/jlsvyaqui.org.mx\/index.php?rest_route=\/wp\/v2\/types\/page"}],"author":[{"embeddable":true,"href":"https:\/\/jlsvyaqui.org.mx\/index.php?rest_route=\/wp\/v2\/users\/1"}],"replies":[{"embeddable":true,"href":"https:\/\/jlsvyaqui.org.mx\/index.php?rest_route=%2Fwp%2Fv2%2Fcomments&post=180"}],"version-history":[{"count":1,"href":"https:\/\/jlsvyaqui.org.mx\/index.php?rest_route=\/wp\/v2\/pages\/180\/revisions"}],"predecessor-version":[{"id":181,"href":"https:\/\/jlsvyaqui.org.mx\/index.php?rest_route=\/wp\/v2\/pages\/180\/revisions\/181"}],"up":[{"embeddable":true,"href":"https:\/\/jlsvyaqui.org.mx\/index.php?rest_route=\/wp\/v2\/pages\/166"}],"wp:attachment":[{"href":"https:\/\/jlsvyaqui.org.mx\/index.php?rest_route=%2Fwp%2Fv2%2Fmedia&parent=180"}],"curies":[{"name":"wp","href":"https:\/\/api.w.org\/{rel}","templated":true}]}}