{"id":166,"date":"2026-05-15T13:55:30","date_gmt":"2026-05-15T20:55:30","guid":{"rendered":"https:\/\/jlsvyaqui.org.mx\/?page_id=166"},"modified":"2026-05-15T14:54:27","modified_gmt":"2026-05-15T21:54:27","slug":"rendicion-de-cuentas","status":"publish","type":"page","link":"https:\/\/jlsvyaqui.org.mx\/?page_id=166","title":{"rendered":"Rendici\u00f3n de Cuentas"},"content":{"rendered":"<h3><b><span style=\"color: #003300;\">En atenci\u00f3n al circular 029 derivado del acuerdo para promover el desarrollo de la sociedad rural, fomentando la rendici\u00f3n de cuentas de manera clara, precisa y transparente del uso de recursos en la adquisici\u00f3n de bienes materiales y servicios por los Organismos Auxiliares de Sanidad Vegetal, se crea este espacio para presentar la informaci\u00f3n correspondiente.<\/span><\/b><\/h3>\n<p><a href=\"https:\/\/jlsvyaqui.org.mx\/?page_id=169\">Rendicion de Cuentas 2026<\/a><\/p>\n<p><a href=\"https:\/\/jlsvyaqui.org.mx\/?page_id=173\">Rendicion de Cuentas 2025<\/a><\/p>\n<p><a href=\"https:\/\/jlsvyaqui.org.mx\/?page_id=180\">Rendicion de Cuentas 2024<\/a><\/p>\n<p><a href=\"https:\/\/jlsvyaqui.org.mx\/?page_id=184\">Rendicion de Cuentas 2023<\/a><\/p>\n<p><a href=\"https:\/\/jlsvyaqui.org.mx\/?page_id=187\">Rendicion de Cuentas 2022<\/a><\/p>\n","protected":false},"excerpt":{"rendered":"<p>En atenci\u00f3n al circular 029 derivado del acuerdo para promover el desarrollo de la sociedad rural, fomentando la rendici\u00f3n de cuentas de manera clara, precisa y transparente del uso de recursos en la adquisici\u00f3n de bienes materiales y servicios por los Organismos Auxiliares de Sanidad Vegetal, se crea este espacio para presentar la informaci\u00f3n correspondiente. [&hellip;]<\/p>\n","protected":false},"author":1,"featured_media":0,"parent":0,"menu_order":0,"comment_status":"closed","ping_status":"closed","template":"","meta":{"footnotes":""},"class_list":["post-166","page","type-page","status-publish","hentry"],"_links":{"self":[{"href":"https:\/\/jlsvyaqui.org.mx\/index.php?rest_route=\/wp\/v2\/pages\/166","targetHints":{"allow":["GET"]}}],"collection":[{"href":"https:\/\/jlsvyaqui.org.mx\/index.php?rest_route=\/wp\/v2\/pages"}],"about":[{"href":"https:\/\/jlsvyaqui.org.mx\/index.php?rest_route=\/wp\/v2\/types\/page"}],"author":[{"embeddable":true,"href":"https:\/\/jlsvyaqui.org.mx\/index.php?rest_route=\/wp\/v2\/users\/1"}],"replies":[{"embeddable":true,"href":"https:\/\/jlsvyaqui.org.mx\/index.php?rest_route=%2Fwp%2Fv2%2Fcomments&post=166"}],"version-history":[{"count":7,"href":"https:\/\/jlsvyaqui.org.mx\/index.php?rest_route=\/wp\/v2\/pages\/166\/revisions"}],"predecessor-version":[{"id":189,"href":"https:\/\/jlsvyaqui.org.mx\/index.php?rest_route=\/wp\/v2\/pages\/166\/revisions\/189"}],"wp:attachment":[{"href":"https:\/\/jlsvyaqui.org.mx\/index.php?rest_route=%2Fwp%2Fv2%2Fmedia&parent=166"}],"curies":[{"name":"wp","href":"https:\/\/api.w.org\/{rel}","templated":true}]}}